{"id":221,"date":"2025-02-26T16:04:23","date_gmt":"2025-02-26T07:04:23","guid":{"rendered":"https:\/\/klim-sapporo.jp\/?page_id=221"},"modified":"2026-02-18T17:09:11","modified_gmt":"2026-02-18T08:09:11","slug":"%e3%81%8a%e5%95%8f%e3%81%84%e5%90%88%e3%82%8f%e3%81%9b","status":"publish","type":"page","link":"https:\/\/klim-sapporo.jp\/?page_id=221","title":{"rendered":"\u304a\u554f\u3044\u5408\u308f\u305b"},"content":{"rendered":"\n<div class=\"jinr-add-class-container\"><div class=\"jinr-add-class-container\"><div class=\"jinr-add-class-container\"><div class=\"jinr-add-class-container\">\n<div class=\"wpcf7 no-js\" id=\"wpcf7-f443-o1\" lang=\"ja\" dir=\"ltr\" data-wpcf7-id=\"443\">\n<div class=\"screen-reader-response\"><p role=\"status\" aria-live=\"polite\" aria-atomic=\"true\"><\/p> <ul><\/ul><\/div>\n<form action=\"\/index.php?rest_route=%2Fwp%2Fv2%2Fpages%2F221#wpcf7-f443-o1\" method=\"post\" class=\"wpcf7-form init\" aria-label=\"\u30b3\u30f3\u30bf\u30af\u30c8\u30d5\u30a9\u30fc\u30e0\" novalidate=\"novalidate\" data-status=\"init\">\n<fieldset class=\"hidden-fields-container\"><input type=\"hidden\" name=\"_wpcf7\" value=\"443\" \/><input type=\"hidden\" name=\"_wpcf7_version\" value=\"6.1.5\" \/><input type=\"hidden\" name=\"_wpcf7_locale\" value=\"ja\" \/><input type=\"hidden\" name=\"_wpcf7_unit_tag\" value=\"wpcf7-f443-o1\" \/><input type=\"hidden\" name=\"_wpcf7_container_post\" value=\"0\" \/><input type=\"hidden\" name=\"_wpcf7_posted_data_hash\" value=\"\" \/><input type=\"hidden\" name=\"_wpcf7_recaptcha_response\" value=\"\" \/>\n<\/fieldset>\n<table class=\"CF7_table\">\n\t<tr>\n\t\t<th>\n\t\t\t<p><span class=\"CF7_req\">\u5fc5\u9808<\/span> \u3054\u76f8\u8ac7\u5185\u5bb9\n\t\t\t<\/p>\n\t\t<\/th>\n\t\t<td>\n\t\t\t<p><span class=\"wpcf7-form-control-wrap\" data-name=\"checkbox-inq\"><span class=\"wpcf7-form-control wpcf7-checkbox wpcf7-validates-as-required\"><span class=\"wpcf7-list-item first\"><input type=\"checkbox\" name=\"checkbox-inq[]\" value=\"\u3054\u76f8\u8ac7\" \/><span class=\"wpcf7-list-item-label\">\u3054\u76f8\u8ac7<\/span><\/span><span class=\"wpcf7-list-item\"><input type=\"checkbox\" name=\"checkbox-inq[]\" value=\"\u304a\u898b\u7a4d\u3082\u308a\" \/><span class=\"wpcf7-list-item-label\">\u304a\u898b\u7a4d\u3082\u308a<\/span><\/span><span class=\"wpcf7-list-item\"><input type=\"checkbox\" name=\"checkbox-inq[]\" value=\"\u304a\u554f\u3044\u5408\u308f\u305b\" \/><span class=\"wpcf7-list-item-label\">\u304a\u554f\u3044\u5408\u308f\u305b<\/span><\/span><span class=\"wpcf7-list-item last\"><input type=\"checkbox\" name=\"checkbox-inq[]\" value=\"\u305d\u306e\u4ed6\" \/><span class=\"wpcf7-list-item-label\">\u305d\u306e\u4ed6<\/span><\/span><\/span><\/span>\n\t\t\t<\/p>\n\t\t<\/td>\n\t<\/tr>\n\t<tr>\n\t\t<th>\n\t\t\t<p><span class=\"CF7_req\">\u5fc5\u9808<\/span> \u304a\u540d\u524d\n\t\t\t<\/p>\n\t\t<\/th>\n\t\t<td>\n\t\t\t<p><span class=\"wpcf7-form-control-wrap\" data-name=\"your-name\"><input size=\"40\" maxlength=\"400\" class=\"wpcf7-form-control wpcf7-text wpcf7-validates-as-required\" aria-required=\"true\" aria-invalid=\"false\" placeholder=\"\u4f8b\uff1a\u3042\u306a\u305f\u306e\u304a\u540d\u524d\" value=\"\" type=\"text\" name=\"your-name\" \/><\/span>\n\t\t\t<\/p>\n\t\t<\/td>\n\t<\/tr>\n\t<tr>\n\t\t<th>\n\t\t\t<p><span class=\"CF7_req\">\u5fc5\u9808<\/span> \u30e1\u30fc\u30eb\u30a2\u30c9\u30ec\u30b9\n\t\t\t<\/p>\n\t\t<\/th>\n\t\t<td>\n\t\t\t<p><span class=\"wpcf7-form-control-wrap\" data-name=\"your-email\"><input size=\"40\" maxlength=\"400\" class=\"wpcf7-form-control wpcf7-email wpcf7-validates-as-required wpcf7-text wpcf7-validates-as-email\" aria-required=\"true\" aria-invalid=\"false\" placeholder=\"\u4f8b\uff1a\u00d7\u00d7\u00d7@\u00d7\u00d7\u00d7.com\" value=\"\" type=\"email\" name=\"your-email\" \/><\/span>\n\t\t\t<\/p>\n\t\t<\/td>\n\t<\/tr>\n\t<tr>\n\t\t<th>\n\t\t\t<p><span class=\"CF7_unreq\">\u4efb\u610f<\/span>\u4f1a\u793e\u540d\n\t\t\t<\/p>\n\t\t<\/th>\n\t\t<td>\n\t\t\t<p><span class=\"wpcf7-form-control-wrap\" data-name=\"your-company\"><input size=\"40\" maxlength=\"400\" class=\"wpcf7-form-control wpcf7-text\" aria-invalid=\"false\" placeholder=\"\u4f8b\uff1a\u25ef\u25ef\u682a\u5f0f\u4f1a\u793e\" value=\"\" type=\"text\" name=\"your-company\" \/><\/span>\n\t\t\t<\/p>\n\t\t<\/td>\n\t<\/tr>\n\t<tr>\n\t\t<th>\n\t\t\t<p><span class=\"CF7_req\">\u5fc5\u9808<\/span>\u90f5\u4fbf\u756a\u53f7\n\t\t\t<\/p>\n\t\t<\/th>\n\t\t<td>\n\t\t\t<p><span class=\"wpcf7-form-control-wrap\" data-name=\"zip\"><input size=\"40\" maxlength=\"400\" class=\"wpcf7-form-control wpcf7-text wpcf7-validates-as-required\" id=\"zip\" aria-required=\"true\" aria-invalid=\"false\" placeholder=\"\u4f8b\uff1a123-4567\" value=\"\" type=\"text\" name=\"zip\" \/><\/span>\n\t\t\t<\/p>\n\t\t<\/td>\n\t<\/tr>\n\t<tr>\n\t\t<th>\n\t\t\t<p><span class=\"CF7_req\">\u5fc5\u9808<\/span>\u90fd\u9053\u5e9c\u770c\n\t\t\t<\/p>\n\t\t<\/th>\n\t\t<td>\n\t\t\t<p><span class=\"wpcf7-form-control-wrap\" data-name=\"pref\"><input size=\"40\" maxlength=\"400\" class=\"wpcf7-form-control wpcf7-text wpcf7-validates-as-required\" id=\"pref\" aria-required=\"true\" aria-invalid=\"false\" placeholder=\"\u4f8b\uff1a\u6771\u4eac\u90fd\" value=\"\" type=\"text\" name=\"pref\" \/><\/span>\n\t\t\t<\/p>\n\t\t<\/td>\n\t<\/tr>\n\t<tr>\n\t\t<th>\n\t\t\t<p><span class=\"CF7_req\">\u5fc5\u9808<\/span>\u3054\u4f4f\u6240\n\t\t\t<\/p>\n\t\t<\/th>\n\t\t<td class=\"address-100\">\n\t\t\t<p><span class=\"wpcf7-form-control-wrap\" data-name=\"addr\"><input size=\"40\" maxlength=\"400\" class=\"wpcf7-form-control wpcf7-text wpcf7-validates-as-required\" id=\"addr\" aria-required=\"true\" aria-invalid=\"false\" placeholder=\"\u4f8b\uff1a\u4e2d\u592e\u533a\u9280\u5ea7\uff11\uff12\uff13\uff14\uff15\" value=\"\" type=\"text\" name=\"addr\" \/><\/span>\n\t\t\t<\/p>\n\t\t<\/td>\n\t<\/tr>\n\t<tr>\n\t\t<th>\n\t\t\t<p><span class=\"CF7_req\">\u5fc5\u9808<\/span>\u304a\u96fb\u8a71\u756a\u53f7\n\t\t\t<\/p>\n\t\t<\/th>\n\t\t<td>\n\t\t\t<p><span class=\"wpcf7-form-control-wrap\" data-name=\"your-tel\"><input size=\"40\" maxlength=\"400\" class=\"wpcf7-form-control wpcf7-text wpcf7-validates-as-required\" aria-required=\"true\" aria-invalid=\"false\" placeholder=\"\u4f8b\uff1a03-1234-5678\" value=\"\" type=\"text\" name=\"your-tel\" \/><\/span>\n\t\t\t<\/p>\n\t\t<\/td>\n\t<\/tr>\n\t<tr>\n\t\t<th>\n\t\t\t<p><span class=\"CF7_req\">\u5fc5\u9808<\/span>\u30e1\u30c3\u30bb\u30fc\u30b8\u672c\u6587\n\t\t\t<\/p>\n\t\t<\/th>\n\t\t<td class=\"message-100\">\n\t\t\t<p><span class=\"wpcf7-form-control-wrap\" data-name=\"your-message\"><textarea cols=\"40\" rows=\"10\" maxlength=\"2000\" class=\"wpcf7-form-control wpcf7-textarea wpcf7-validates-as-required\" aria-required=\"true\" aria-invalid=\"false\" placeholder=\"\u304a\u554f\u3044\u5408\u308f\u305b\u5185\u5bb9\u3092\u3054\u8a18\u5165\u304f\u3060\u3055\u3044\" name=\"your-message\"><\/textarea><\/span>\n\t\t\t<\/p>\n\t\t<\/td>\n\t<\/tr>\n<\/table>\n<p class=\"CF7_btn\"><input class=\"wpcf7-form-control wpcf7-submit has-spinner\" type=\"submit\" value=\"\u9001\u4fe1\u3059\u308b\" \/>\n<\/p><p style=\"display: none !important;\" class=\"akismet-fields-container\" data-prefix=\"_wpcf7_ak_\"><label>&#916;<textarea name=\"_wpcf7_ak_hp_textarea\" cols=\"45\" rows=\"8\" maxlength=\"100\"><\/textarea><\/label><input type=\"hidden\" id=\"ak_js_1\" name=\"_wpcf7_ak_js\" value=\"49\"\/><script type=\"text\/javascript\">\n\/* <![CDATA[ *\/\ndocument.getElementById( \"ak_js_1\" ).setAttribute( \"value\", ( new Date() ).getTime() );\n\/* ]]> *\/\n<\/script>\n<\/p><div class=\"wpcf7-response-output\" aria-hidden=\"true\"><\/div>\n<\/form>\n<\/div>\n<style jsx=\"true\">\/*ContactForm7\u30ab\u30b9\u30bf\u30de\u30a4\u30ba*\/\ntable.CF7_table{\n\twidth:80%;\n\tmargin:0 auto;\n\tborder: 3px solid #e5e5e5;\n}\n\ntable.CF7_table tr{\n\tborder-top: 1px solid #e5e5e5;\n}\n\n.single .entry-content table.CF7_table,\n.page .entry-content table.CF7_table{\n\tdisplay:table;\n}\n\n\/*\u5165\u529b\u6b04*\/\n.CF7_table input, .CF7_table textarea {\n\tborder: 1px solid #d8d8d8;\n}\n\n.CF7_table ::placeholder {\n\tcolor:#797979;\n}\n\n\/*\u300c\u5fc5\u9808\u300d\u6587\u5b57*\/\n.CF7_req{\n\tfont-size:.9em;\n\tpadding: 5px;\n\tbackground: #deb887;\/*\u30aa\u30ec\u30f3\u30b8*\/\n\tcolor: #fff;\n\tborder-radius: 3px;\n\tmargin-right:1em;\n}\n\n\/*\u300c\u4efb\u610f\u300d\u6587\u5b57*\/\n.CF7_unreq{\n\tfont-size:.9em;\n\tpadding: 5px;\n\tbackground: #bdbdbd;\/*\u30b0\u30ec\u30fc*\/\n\tcolor: #fff;\n\tborder-radius: 3px;\n\tmargin-right:1em;\n}\n\n\/* \u30bf\u30a4\u30c8\u30eb\u5217 *\/\n@media screen and (min-width: 768px){\n\t.CF7_table th{\n\twidth:30%;\/*\u6a2a\u5e45*\/\n\tbackground-color:#ebedf5;\/*\u30d6\u30eb\u30fc\u30b0\u30ec\u30fc*\/\n\t}\n}\n\n\/* \u30ec\u30b9\u30dd\u30f3\u30b7\u30d6 *\/\n@media screen and (max-width: 768px){\n\ttable.CF7_table{\n\twidth:95%;\n\t}\n\t.CF7_table tr, .CF7_table td, .CF7_table th{\n\tdisplay: block;\n\twidth: 100%;\n\tline-height:2.5em;\n\t}\n\t.CF7_table th{\n\tbackground-color:#ebedf5;\n\t}\n}\n\n\/* \u300c\u9001\u4fe1\u3059\u308b\u300d\u30dc\u30bf\u30f3 *\/\n.wpcf7 input.wpcf7-submit {\n\tbackground-color:#f79034;\/* \u30aa\u30ec\u30f3\u30b8*\/\n\tborder:0;\n\tcolor:#fff;\n\tfont-size:1.2em;\n\tfont-weight:bold;\n\tmargin:0 auto;\n}\n\n.CF7_btn{\n\ttext-align:center;\n\tmargin-top:20px;\n}\n\n.wpcf7-spinner{\n\twidth:0;\n\tmargin:0;\n}<\/style><\/div><style jsx=\"true\">\/*ContactForm7\u30ab\u30b9\u30bf\u30de\u30a4\u30ba*\/\ntable.CF7_table{\n\twidth:80%;\n\tmargin:0 auto;\n\tborder: 1px solid #e5e5e5;\n}\n\ntable.CF7_table tr{\n\tborder-top: 1px solid #e5e5e5;\n}\n\n.single .entry-content table.CF7_table,\n.page .entry-content table.CF7_table{\n\tdisplay:table;\n}\n\n\/*\u5165\u529b\u6b04*\/\n.CF7_table input, .CF7_table textarea {\n\tborder: 1px solid #d8d8d8;\n\ttext-align:left;\n}\n\n.CF7_table ::placeholder {\n\tcolor:#797979;\n\ttext-align:left;\n}\n\n\/*\u300c\u5fc5\u9808\u300d\u6587\u5b57*\/\n.CF7_req{\n\tfont-size:.9em;\n\tpadding: 5px;\n\tbackground: #f79034;\/*\u30aa\u30ec\u30f3\u30b8*\/\n\tcolor: #fff;\n\tborder-radius: 3px;\n\tmargin-right:1em;\n\ttext-align:left;\n}\n\n\/*\u300c\u4efb\u610f\u300d\u6587\u5b57*\/\n.CF7_unreq{\n\tfont-size:.9em;\n\tpadding: 5px;\n\tbackground: #bdbdbd;\/*\u30b0\u30ec\u30fc*\/\n\tcolor: #fff;\n\tborder-radius: 3px;\n\tmargin-right:1em;\n}\n\n\/* \u30bf\u30a4\u30c8\u30eb\u5217 *\/\n@media screen and (min-width: 768px){\n\t.CF7_table th{\n\twidth:30%;\/*\u6a2a\u5e45*\/\n\tbackground-color:#ebedf5;\/*\u30d6\u30eb\u30fc\u30b0\u30ec\u30fc*\/\n\t\t\n\t}\n}\n\n\/* \u30ec\u30b9\u30dd\u30f3\u30b7\u30d6 *\/\n@media screen and (max-width: 768px){\n\ttable.CF7_table{\n\twidth:95%;\n\t}\n\t.CF7_table tr, .CF7_table td, .CF7_table th{\n\tdisplay: block;\n\twidth: 100%;\n\tline-height:2.5em;\n\t}\n\t.CF7_table th{\n\tbackground-color:#ebedf5;\n\t}\n}\n\n\/* \u300c\u9001\u4fe1\u3059\u308b\u300d\u30dc\u30bf\u30f3 *\/\n.wpcf7 input.wpcf7-submit {\n\tbackground-color:#f79034;\/* \u30aa\u30ec\u30f3\u30b8*\/\n\tborder:0;\n\tcolor:#fff;\n\tfont-size:1.2em;\n\tfont-weight:bold;\n\tmargin:0 auto;\n}\n\n.CF7_btn{\n\ttext-align:center;\n\tmargin-top:20px;\n}\n\n.wpcf7-spinner{\n\twidth:0;\n\tmargin:0;\n}<\/style><\/div><style jsx=\"true\">\/*ContactForm7\u30ab\u30b9\u30bf\u30de\u30a4\u30ba*\/\ntable.CF7_table{\n\twidth:80%;\n\tmargin:0 auto;\n\tborder: 1px solid #e5e5e5;\n}\n\ntable.CF7_table tr{\n\tborder-top: 1px solid #e5e5e5;\n}\n\n.single .entry-content table.CF7_table,\n.page .entry-content table.CF7_table{\n\tdisplay:table;\n}\n\n\/*\u5165\u529b\u6b04*\/\n.CF7_table input, .CF7_table textarea {\n\tborder: 1px solid #d8d8d8;\n\ttext-align:left;\n}\n\n.CF7_table ::placeholder {\n\tcolor:#797979;\n\ttext-align:left;\n}\n\n\/*\u300c\u5fc5\u9808\u300d\u6587\u5b57*\/\n.CF7_req{\n\tfont-size:.9em;\n\tpadding: 5px;\n\tbackground: #f79034;\/*\u30aa\u30ec\u30f3\u30b8*\/\n\tcolor: #fff;\n\tborder-radius: 3px;\n\tmargin-right:1em;\n}\n\n\/*\u300c\u4efb\u610f\u300d\u6587\u5b57*\/\n.CF7_unreq{\n\tfont-size:.9em;\n\tpadding: 5px;\n\tbackground: #bdbdbd;\/*\u30b0\u30ec\u30fc*\/\n\tcolor: #fff;\n\tborder-radius: 3px;\n\tmargin-right:1em;\n}\n\n\/* \u30bf\u30a4\u30c8\u30eb\u5217 *\/\n@media screen and (min-width: 768px){\n\t.CF7_table th{\n\twidth:30%;\/*\u6a2a\u5e45*\/\n\tbackground-color:#ebedf5;\/*\u30d6\u30eb\u30fc\u30b0\u30ec\u30fc*\/\n\t\ttext-align:left;\n\t\tpadding-left:3em\n\t\t\n\t}\n}\n\n\/* \u30ec\u30b9\u30dd\u30f3\u30b7\u30d6 *\/\n@media screen and (max-width: 768px){\n\ttable.CF7_table{\n\twidth:95%;\n\t}\n\t.CF7_table tr, .CF7_table td, .CF7_table th{\n\tdisplay: block;\n\twidth: 100%;\n\tline-height:2.5em;\n\t}\n\t.CF7_table th{\n\tbackground-color:#ebedf5;\n\t}\n}\n\n\/* \u300c\u9001\u4fe1\u3059\u308b\u300d\u30dc\u30bf\u30f3 *\/\n.wpcf7 input.wpcf7-submit {\n\tbackground-color:#f79034;\/* \u30aa\u30ec\u30f3\u30b8*\/\n\tborder:0;\n\tcolor:#fff;\n\tfont-size:1.2em;\n\tfont-weight:bold;\n\tmargin:0 auto;\n}\n\n.CF7_btn{\n\ttext-align:center;\n\tmargin-top:20px;\n}\n\n.wpcf7-spinner{\n\twidth:0;\n\tmargin:0;\n}<\/style><\/div><style jsx=\"true\">\/*ContactForm7\u30ab\u30b9\u30bf\u30de\u30a4\u30ba*\/\ntable.CF7_table{\n\twidth:80%;\n\tmargin:0 auto;\n\tborder: 1px solid #e5e5e5;\n}\n\ntable.CF7_table tr{\n\tborder-top: 1px solid #e5e5e5;\n}\n\n.single .entry-content table.CF7_table,\n.page .entry-content table.CF7_table{\n\tdisplay:table;\n}\n\n\/*\u5165\u529b\u6b04*\/\n.CF7_table input, .CF7_table textarea {\n\tborder: 1px solid #d8d8d8;\n\ttext-align:left;\n}\n\n.CF7_table ::placeholder {\n\tcolor:#797979;\n\ttext-align:left;\n}\n\n\/*\u300c\u5fc5\u9808\u300d\u6587\u5b57*\/\n.CF7_req{\n\tfont-size:.9em;\n\tpadding: 5px;\n\tbackground: #f79034;\/*\u30aa\u30ec\u30f3\u30b8*\/\n\tcolor: #fff;\n\tborder-radius: 3px;\n\tmargin-right:1em;\n}\n\n\/*\u300c\u4efb\u610f\u300d\u6587\u5b57*\/\n.CF7_unreq{\n\tfont-size:.9em;\n\tpadding: 5px;\n\tbackground: #bdbdbd;\/*\u30b0\u30ec\u30fc*\/\n\tcolor: #fff;\n\tborder-radius: 3px;\n\tmargin-right:1em;\n}\n\n\/* \u30bf\u30a4\u30c8\u30eb\u5217 *\/\n@media screen and (min-width: 768px){\n\t.CF7_table th{\n\twidth:30%;\/*\u6a2a\u5e45*\/\n\tbackground-color:#ebedf5;\/*\u30d6\u30eb\u30fc\u30b0\u30ec\u30fc*\/\n\t\ttext-align:left;\n\t\tpadding-left:3em\n\t\t\n\t}\n}\n\n\/* \u30ec\u30b9\u30dd\u30f3\u30b7\u30d6 *\/\n@media screen and (max-width: 768px){\n\ttable.CF7_table{\n\twidth:95%;\n\t}\n\t.CF7_table tr, .CF7_table td, .CF7_table th{\n\tdisplay: block;\n\twidth: 100%;\n\tline-height:2.5em;\n\t}\n\t.CF7_table th{\n\tbackground-color:#ebedf5;\n\t}\n}\n\n\/* \u300c\u9001\u4fe1\u3059\u308b\u300d\u30dc\u30bf\u30f3 *\/\n.wpcf7 input.wpcf7-submit {\n\tbackground-color:#f79034;\/* \u30aa\u30ec\u30f3\u30b8*\/\n\tborder:0;\n\tcolor:#fff;\n\tfont-size:1.2em;\n\tfont-weight:bold;\n\tmargin:0 auto;\n}\n\n.CF7_btn{\n\ttext-align:center;\n\tmargin-top:20px;\n}\n\n.wpcf7-spinner{\n\twidth:0;\n\tmargin:0;\n}<\/style><\/div>\n","protected":false},"excerpt":{"rendered":"","protected":false},"author":1,"featured_media":0,"parent":0,"menu_order":0,"comment_status":"closed","ping_status":"closed","template":"template-full-width.php","meta":{"_jinr_url_youtube":"","_jinr_pip_youtube":false,"_jinr_time_youtube":"","_jinr_thumb_youtube":"","_jinr_media_youtube":"","_jinr_category_edit":false,"_jinr_category":"","_jinr_title_display":false,"_jinr_snsbutton_display":false,"_jinr_ads_display":false,"_jinr_thumbnail_display":false,"_jinr_profile_display":false,"_jinr_representations_display":false,"_jinr_relatedpost_display":false,"_jinr_sidebar1col_display":false,"_jinr_sidebar2col_display":false,"_jinr_seotitle_display":"","_jinr_description_display":"","_jinr_keyword_display":"","_jinr_hastag_display":"","_jinr_canonical_display":"","_jinr_noindex_display":false,"_jinr_paidpost":false,"_jinr_paidpost_product_id":"","_jinr_headtag_article":"","footnotes":""},"class_list":["post-221","page","type-page","status-publish","hentry"],"_links":{"self":[{"href":"https:\/\/klim-sapporo.jp\/index.php?rest_route=\/wp\/v2\/pages\/221","targetHints":{"allow":["GET"]}}],"collection":[{"href":"https:\/\/klim-sapporo.jp\/index.php?rest_route=\/wp\/v2\/pages"}],"about":[{"href":"https:\/\/klim-sapporo.jp\/index.php?rest_route=\/wp\/v2\/types\/page"}],"author":[{"embeddable":true,"href":"https:\/\/klim-sapporo.jp\/index.php?rest_route=\/wp\/v2\/users\/1"}],"replies":[{"embeddable":true,"href":"https:\/\/klim-sapporo.jp\/index.php?rest_route=%2Fwp%2Fv2%2Fcomments&post=221"}],"version-history":[{"count":34,"href":"https:\/\/klim-sapporo.jp\/index.php?rest_route=\/wp\/v2\/pages\/221\/revisions"}],"predecessor-version":[{"id":789,"href":"https:\/\/klim-sapporo.jp\/index.php?rest_route=\/wp\/v2\/pages\/221\/revisions\/789"}],"wp:attachment":[{"href":"https:\/\/klim-sapporo.jp\/index.php?rest_route=%2Fwp%2Fv2%2Fmedia&parent=221"}],"curies":[{"name":"wp","href":"https:\/\/api.w.org\/{rel}","templated":true}]}}